{"id":7,"date":"2026-01-15T01:58:12","date_gmt":"2026-01-15T00:58:12","guid":{"rendered":"https:\/\/demeltif.fr\/?page_id=7"},"modified":"2026-03-27T23:51:47","modified_gmt":"2026-03-27T22:51:47","slug":"site-en-construction","status":"publish","type":"page","link":"https:\/\/demeltif.fr\/","title":{"rendered":""},"content":{"rendered":"\n<div class=\"wp-block-cover alignfull is-light has-contrast-color has-text-color has-link-color wp-elements-e31ae2e83e3e6d86d5fbf35a63912a1f\" style=\"margin-top:0;margin-bottom:0;padding-top:var(--wp--preset--spacing--60);padding-right:var(--wp--preset--spacing--50);padding-bottom:var(--wp--preset--spacing--60);padding-left:var(--wp--preset--spacing--50)\"><span aria-hidden=\"true\" class=\"wp-block-cover__background has-base-background-color has-background-dim-100 has-background-dim\"><\/span><div class=\"wp-block-cover__inner-container has-global-padding is-layout-constrained wp-container-core-cover-is-layout-873ee6b1 wp-block-cover-is-layout-constrained\">\n<div class=\"wp-block-columns alignwide is-layout-flex wp-container-core-columns-is-layout-7ee84d44 wp-block-columns-is-layout-flex\">\n<div class=\"wp-block-column is-layout-flow wp-block-column-is-layout-flow\" style=\"flex-basis:65%\">\n<div class=\"wp-block-group is-vertical is-content-justification-stretch is-layout-flex wp-container-core-group-is-layout-353c4f5a wp-block-group-is-layout-flex\">\n<h2 class=\"wp-block-heading has-text-align-left\" style=\"font-size:clamp(4.509rem, 4.509rem + ((1vw - 0.2rem) * 8.613), 10rem);font-style:normal;font-weight:300;letter-spacing:-0.03em;line-height:1.4\">Bonjour,<\/h2>\n\n\n\n<p class=\"is-style-text-subtitle is-style-text-subtitle--1\">Mon nom est M\u00e9lissa et je suis artisan coiffeuse, coloriste permanentiste, barbi\u00e8re et visagiste.<\/p>\n\n\n\n<p class=\"is-style-text-subtitle is-style-text-subtitle--2\">Je mets mon savoir-faire au service de votre bien-\u00eatre et de votre confiance. Chaque client b\u00e9n\u00e9ficie d\u2019une approche sur mesure adapt\u00e9e \u00e0 ses envies et \u00e0 son style personnel.<\/p>\n\n\n\n<p class=\"is-style-text-subtitle is-style-text-subtitle--3\">Chaque coupe, chaque couleur, chaque d\u00e9tail est pour moi une mani\u00e8re de r\u00e9v\u00e9ler votre personnalit\u00e9 et de sublimer votre beaut\u00e9 naturelle.<\/p>\n\n\n\n<p class=\"is-style-text-subtitle is-style-text-subtitle--4\">\u00c0 l\u2019\u00e9coute de vos envies, de votre mode de vie et de votre style, je vous propose un accompagnement enti\u00e8rement personnalis\u00e9, allant des coupes classiques intemporelles aux tendances les plus actuelles, en passant par la taille de barbe et le conseil.<\/p>\n\n\n\n<p class=\"is-style-text-subtitle is-style-text-subtitle--5\">Mon approche repose sur le savoir-faire artisanal, la pr\u00e9cision du geste et le respect du cheveu, afin de vous offrir un moment de bien-\u00eatre, de confiance et de l\u00e2cher-prise.<br>Parce que chaque personne est unique, je prends le temps d\u2019\u00e9changer avec vous pour cr\u00e9er un r\u00e9sultat qui vous ressemble, durable et harmonieux.<\/p>\n\n\n\n<p class=\"is-style-text-subtitle is-style-text-subtitle--6\">Entrer dans mon univers, c\u2019est choisir une coiffure pens\u00e9e pour vous, r\u00e9v\u00e9latrice de votre identit\u00e9.<\/p>\n<\/div>\n\n\n\n<p><\/p>\n\n\n\n<p><\/p>\n\n\n\n<div class=\"wp-block-group is-vertical is-content-justification-stretch is-layout-flex wp-container-core-group-is-layout-353c4f5a wp-block-group-is-layout-flex\">\n<p class=\"is-style-text-annotation is-style-text-annotation--7\">Photographie <a href=\"https:\/\/www.instagram.com\/sandra_estelles_wedding\/\">@sandra_estelles_wedding<\/a><\/p>\n<\/div>\n<\/div>\n\n\n\n<div class=\"wp-block-column is-layout-flow wp-block-column-is-layout-flow\" style=\"flex-basis:35%\">\n<div class=\"wp-block-group is-vertical is-content-justification-stretch is-nowrap is-layout-flex wp-container-core-group-is-layout-73b0033c wp-block-group-is-layout-flex\">\n<figure class=\"wp-block-image size-full\"><img loading=\"lazy\" decoding=\"async\" width=\"1067\" height=\"1600\" src=\"https:\/\/demeltif.fr\/wp-content\/uploads\/2026\/02\/Salon-Immersif_17Janvier2026-183-Edit.jpeg\" alt=\"\" class=\"wp-image-17\" style=\"aspect-ratio:3\/4;object-fit:cover\" srcset=\"https:\/\/demeltif.fr\/wp-content\/uploads\/2026\/02\/Salon-Immersif_17Janvier2026-183-Edit.jpeg 1067w, https:\/\/demeltif.fr\/wp-content\/uploads\/2026\/02\/Salon-Immersif_17Janvier2026-183-Edit-200x300.jpeg 200w, https:\/\/demeltif.fr\/wp-content\/uploads\/2026\/02\/Salon-Immersif_17Janvier2026-183-Edit-683x1024.jpeg 683w, https:\/\/demeltif.fr\/wp-content\/uploads\/2026\/02\/Salon-Immersif_17Janvier2026-183-Edit-768x1152.jpeg 768w, https:\/\/demeltif.fr\/wp-content\/uploads\/2026\/02\/Salon-Immersif_17Janvier2026-183-Edit-1024x1536.jpeg 1024w\" sizes=\"auto, (max-width: 1067px) 100vw, 1067px\" \/><\/figure>\n\n\n\n<p class=\"has-text-align-right has-x-large-font-size\" style=\"line-height:1.2\"><a href=\"https:\/\/fb.com\/61585048284098\" target=\"_blank\" rel=\"noreferrer noopener\">Facebook<\/a><br><a href=\"https:\/\/ig.me\/demeltif\" target=\"_blank\" rel=\"noreferrer noopener\">Instagram<\/a><br><a href=\"https:\/\/tiktok.com\/@demeltif\" target=\"_blank\" rel=\"noreferrer noopener\">TikTok<\/a><\/p>\n<\/div>\n\n\n\n<div class=\"wp-block-columns is-layout-flex wp-container-core-columns-is-layout-28f84493 wp-block-columns-is-layout-flex\">\n<div class=\"wp-block-column is-layout-flow wp-block-column-is-layout-flow\" style=\"flex-basis:100%\"><\/div>\n<\/div>\n\n\n\n<div class=\"wp-block-group is-nowrap is-layout-flex wp-container-core-group-is-layout-6c531013 wp-block-group-is-layout-flex\">\n<p><\/p>\n<\/div>\n<\/div>\n<\/div>\n<\/div><\/div>\n\n\n\n<p>Adresse du Salon :<\/p>\n\n\n\n<p>368 Rue de Lezigno<\/p>\n\n\n\n<p>34310 MONTADY<\/p>\n\n\n\n<p>Tel : 0670512868<\/p>\n\n\n\n<p><\/p>\n","protected":false},"excerpt":{"rendered":"<p>Adresse du Salon : 368 Rue de Lezigno 34310 MONTADY Tel : 0670512868<\/p>\n","protected":false},"author":1,"featured_media":0,"parent":0,"menu_order":0,"comment_status":"closed","ping_status":"closed","template":"","meta":{"footnotes":""},"class_list":["post-7","page","type-page","status-publish","hentry"],"_links":{"self":[{"href":"https:\/\/demeltif.fr\/index.php\/wp-json\/wp\/v2\/pages\/7","targetHints":{"allow":["GET"]}}],"collection":[{"href":"https:\/\/demeltif.fr\/index.php\/wp-json\/wp\/v2\/pages"}],"about":[{"href":"https:\/\/demeltif.fr\/index.php\/wp-json\/wp\/v2\/types\/page"}],"author":[{"embeddable":true,"href":"https:\/\/demeltif.fr\/index.php\/wp-json\/wp\/v2\/users\/1"}],"replies":[{"embeddable":true,"href":"https:\/\/demeltif.fr\/index.php\/wp-json\/wp\/v2\/comments?post=7"}],"version-history":[{"count":14,"href":"https:\/\/demeltif.fr\/index.php\/wp-json\/wp\/v2\/pages\/7\/revisions"}],"predecessor-version":[{"id":33,"href":"https:\/\/demeltif.fr\/index.php\/wp-json\/wp\/v2\/pages\/7\/revisions\/33"}],"wp:attachment":[{"href":"https:\/\/demeltif.fr\/index.php\/wp-json\/wp\/v2\/media?parent=7"}],"curies":[{"name":"wp","href":"https:\/\/api.w.org\/{rel}","templated":true}]}}